{"id":95,"date":"2012-08-09T08:18:14","date_gmt":"2012-08-09T08:18:14","guid":{"rendered":"http:\/\/payer-wein.at\/?page_id=95"},"modified":"2017-09-05T22:54:38","modified_gmt":"2017-09-05T21:54:38","slug":"unsere-wein-sorten","status":"publish","type":"page","link":"https:\/\/payer-wein.at\/?page_id=95","title":{"rendered":"Unsere Wein-sorten"},"content":{"rendered":"<p><img decoding=\"async\" loading=\"lazy\" class=\"alignnone size-full wp-image-98\" title=\"header_04_wine\" src=\"\/\/payer-wein.at\/wp-content\/uploads\/header_04_wine.jpg\" alt=\"\" width=\"960\" height=\"420\" srcset=\"https:\/\/payer-wein.at\/wp-content\/uploads\/header_04_wine.jpg 960w, https:\/\/payer-wein.at\/wp-content\/uploads\/header_04_wine-720x315.jpg 720w\" sizes=\"(max-width: 960px) 100vw, 960px\" \/><\/p>\n<div class=\"one-third column alignleft\">\n<h2>Ros\u00e9<\/h2>\n<p><img decoding=\"async\" loading=\"lazy\" class=\"size-full wp-image-100 alignleft\" title=\"Ros\u00e9 2011\" src=\"\/\/payer-wein.at\/wp-content\/uploads\/rose_100_288.jpg\" alt=\"\" width=\"100\" height=\"288\" \/><br \/>\nRos\u00e9weine sind sehr hellfarbige Weine aus blauen oder roten Trauben, die wie Wei\u00dfwein hergestellt werden. Je nach Intensit\u00e4t des Kontaktes mit den Beerenh\u00e4uten ist der Ros\u00e9wein unterschiedlich stark gef\u00e4rbt, das Farbspektrum reicht von lachsfarben bis zu kirschrot.<\/p>\n<p>Halbtrocken, s\u00fcffig, elegant<br \/>\n<div class=\"button left medium\"><a href=\"\/\/payer-wein.at\/?page_id=127\" title=\"Mehr erfahren\" style=\"background-color:#508273; border-color:#508273;\">Mehr erfahren<\/a><\/div><br \/>\n<\/div><div class=\"one-third column alignleft\"><\/p>\n<h2>Hausmarke<\/h2>\n<p><img decoding=\"async\" loading=\"lazy\" class=\"size-full wp-image-102 alignleft\" title=\"Hausmarke\" src=\"\/\/payer-wein.at\/wp-content\/uploads\/hausmarke_100_288.jpg\" alt=\"\" width=\"100\" height=\"288\" \/><br \/>\nUnsere Hausmarke. Ein \u00fcberraschender Genuss.<\/p>\n<p>Halbtrocken, s\u00fcffig<br \/>\n<div class=\"button left medium\"><a href=\"\/\/payer-wein.at\/?page_id=127\" title=\"Mehr erfahren\" style=\"background-color:#508273; border-color:#508273;\">Mehr erfahren<\/a><\/div><br \/>\n<\/div><div class=\"one-third column last alignleft\"><\/p>\n<h2>Blaufr\u00e4nkisch<\/h2>\n<p><img decoding=\"async\" loading=\"lazy\" class=\"size-full wp-image-103 alignleft\" title=\"blaufrankisch_100_288\" src=\"\/\/payer-wein.at\/wp-content\/uploads\/blaufrankisch_100_288.jpg\" alt=\"\" width=\"100\" height=\"288\" \/><br \/>\nDas typische Bukett der sp\u00e4t reifenden Rebsorte wird von tiefgr\u00fcndiger Waldbeeren- oder Kirschfrucht gepr\u00e4gt und ist mit einer charakteristischen S\u00e4ure versehen. Blaufr\u00e4nkisch kann gro\u00dfe Weine mit dichter Struktur und markanten Tanninen hervorbringen, die in der Jugend oft ungest\u00fcm sind.<\/p>\n<p>Trocken oder lieblich und zart<br \/>\n<div class=\"button left medium\"><a href=\"\/\/payer-wein.at\/?page_id=127\" title=\"Mehr erfahren\" style=\"background-color:#508273; border-color:#508273;\">Mehr erfahren<\/a><\/div><br \/>\n<\/div><br class=\"clear\" \/><\/p>\n<div class=\"one-third column alignleft\">\n<h2>Cabarnet Sauvignon<\/h2>\n<p><img decoding=\"async\" loading=\"lazy\" src=\"\/\/payer-wein.at\/wp-content\/uploads\/cabarnet_sauvignon_100_2881.jpg\" alt=\"\" title=\"cabarnet_sauvignon_100_288\" width=\"100\" height=\"288\" class=\"alignleft size-full wp-image-114\" \/><\/p>\n<p>Der Cabarnet Sauvignon ist ein fruchtiger, rauer, gerbstoffbetonter Rotwein mit kr\u00e4ftigem Buket. Im Laufe seiner Reifung verw\u00f6hnt dieser aber auch mit feinen R\u00f6staromen, Aromen von schwartzen Johannesbeeren, oft auch an Lakritze erinnernd und gr\u00fcne Paprika.<\/p>\n<p>Trockener Rotwein<\/p>\n<p><div class=\"button left medium\"><a href=\"\/\/payer-wein.at\/?page_id=127\" title=\"Mehr erfahren\" style=\"background-color:#508273; border-color:#508273;\">Mehr erfahren<\/a><\/div><br \/>\n<\/div><div class=\"one-third column last alignleft\"><\/p>\n<h2>Rotburger<\/h2>\n<p><img decoding=\"async\" loading=\"lazy\" src=\"\/\/payer-wein.at\/wp-content\/uploads\/rotburger_100_288.jpg\" alt=\"\" title=\"Rotburger\" width=\"100\" height=\"288\" class=\"alignleft size-full wp-image-115\" \/><\/p>\n<p>Der Rotburger zeigt sich als substanzreichen, fruchtigen Wein mit violett-r\u00f6tlic<br \/>\nher Farbe. Das Bukett des wird oft mit Vanillie-Aromen und weichen Tanninen im Abgang, jung mit einem charakteristischen Weichselkirsch-Aroma versehen.<\/p>\n<p>S\u00fc\u00df<\/p>\n<p><div class=\"button left medium\"><a href=\"\/\/payer-wein.at\/?page_id=127\" title=\"Mehr erfahren\" style=\"background-color:#508273; border-color:#508273;\">Mehr erfahren<\/a><\/div><br \/>\n<\/div><br class=\"clear\" \/><br \/>\n<div class=\"one-half column alignleft\"><\/p>\n<table width=\"100%\" class=\"wine-tbl\">\n<tbody>\n<tr class=\"row tbl-heading\">\n<th colspan=\"2\">2l Flaschen<\/th>\n<\/tr>\n<tr>\n<td>Gr\u00fcner Veltliner<\/td>\n<td>Trocken<\/td>\n<\/tr>\n<tr>\n<td>Welschriesling<\/td>\n<td>Trocken<\/td>\n<\/tr>\n<tr>\n<td>Hausmarke<\/td>\n<td>Halbtrocken<\/td>\n<\/tr>\n<tr class=\"row red_wine\">\n<td>Blaufr\u00e4nkisch<\/td>\n<td>Trocken<\/td>\n<\/tr>\n<tr class=\"row tbl-heading\">\n<th colspan=\"2\">1l Flaschen<\/th>\n<\/tr>\n<tr>\n<td>Gr\u00fcner Veltliner<\/td>\n<td>Trocken<\/td>\n<\/tr>\n<tr>\n<td>M\u00fcller Thungrau<\/td>\n<td>Trocken<\/td>\n<\/tr>\n<tr>\n<td>Welschriensling<\/td>\n<td>Trocken<\/td>\n<\/tr>\n<tr>\n<td>Weisburgunder<\/td>\n<td>Trocken<\/td>\n<\/tr>\n<tr>\n<td>Hausmarke<\/td>\n<td>Halbtrocken<\/td>\n<\/tr>\n<tr>\n<td>Muskat Ottonel<\/td>\n<td>Halbtrocken<\/td>\n<\/tr>\n<tr class=\"row red_wine\">\n<td>Blaufr\u00e4nkisch<\/td>\n<td>Trocken<\/td>\n<\/tr>\n<tr class=\"row red_wine\">\n<td>Zweigelt<\/td>\n<td>Trocken<\/td>\n<\/tr>\n<tr class=\"row tbl-heading\">\n<th colspan=\"2\">Alkoholfrei 1l Flaschen<\/th>\n<\/tr>\n<tr>\n<td>Traubensaft wei\u00df<\/td>\n<td>S\u00fc\u00df<\/td>\n<\/tr>\n<tr>\n<td>Traubensaft rot<\/td>\n<td>S\u00fc\u00df<\/td>\n<\/tr>\n<tr class=\"row tbl-heading\">\n<th colspan=\"2\">Auslese 0,75l Flaschen<\/th>\n<\/tr>\n<tr>\n<td>Welschriesling<\/td>\n<td>S\u00fc\u00df<\/td>\n<\/tr>\n<tr class=\"row tbl-heading\">\n<th colspan=\"2\">Auslese 0,5l Flaschen<\/th>\n<\/tr>\n<tr>\n<td>Kellerstolz (WR)<\/td>\n<td>S\u00fc\u00df<\/td>\n<\/tr>\n<tr class=\"row tbl-heading\">\n<th colspan=\"2\">Ausbruch 0,375l Flashen<\/th>\n<\/tr>\n<tr>\n<td>Pinot Noir<\/td>\n<td>S\u00fc\u00df<\/td>\n<\/tr>\n<tr class=\"row tbl-heading\">\n<th colspan=\"2\">Eiswein 0,375l Flaschen<\/th>\n<\/tr>\n<tr>\n<td>Welschriesling Jahrg. 2007<\/td>\n<td>S\u00fc\u00df<\/td>\n<\/tr>\n<tr>\n<td>Muskat Ottonel Jahrg. 2006<\/td>\n<td>S\u00fc\u00df<\/td>\n<\/tr>\n<tr class=\"row red_wine\">\n<td>Blaufr\u00e4nkisch Jahrg. 2004<\/td>\n<td>S\u00fc\u00df<\/td>\n<\/tr>\n<\/tbody>\n<\/table>\n<p><\/div><div class=\"one-half last column alignleft\"><\/p>\n<table width=\"100%\" class=\"wine-tbl\">\n<tbody>\n<tr class=\"row tbl-heading\">\n<th colspan=\"2\">Landwein \/ Qualit\u00e4tswein 0,75l Flaschen<\/th>\n<\/tr>\n<tr>\n<td>Welschriesling<\/td>\n<td>Trocken<\/td>\n<\/tr>\n<tr>\n<td>Rivaner<\/td>\n<td>Trocken<\/td>\n<\/tr>\n<tr>\n<td>Chardonay<\/td>\n<td>Trocken<\/td>\n<\/tr>\n<tr>\n<td>Gr\u00fcner Veltliner<\/td>\n<td>Halbtrocken<\/td>\n<\/tr>\n<tr>\n<td>Cuve\u00e9 (wei\u00df)<\/td>\n<td>Lieblich<\/td>\n<\/tr>\n<tr>\n<td>Gew\u00fcrztraminer<\/td>\n<td>Lieblich<\/td>\n<\/tr>\n<tr>\n<td>Muskat Ottonel<\/td>\n<td>Lieblich<\/td>\n<\/tr>\n<tr class=\"row red_wine\">\n<td>Cuve\u00e9 (rot) Blfr.-BB<\/td>\n<td>Trocken<\/td>\n<\/tr>\n<tr class=\"row red_wine\">\n<td>Cuve\u00e9 (rot) CS-Roester<\/td>\n<td>Lieblich<\/td>\n<\/tr>\n<tr class=\"row red_wine\">\n<td>Zweigelt<\/td>\n<td>Trockern<\/td>\n<\/tr>\n<tr class=\"row red_wine\">\n<td>Cabarnet Sauvignin<\/td>\n<td>Trocken<\/td>\n<\/tr>\n<tr class=\"row red_wine\">\n<td>Blaufr\u00e4nkisch <b>Barrique<\/b><\/td>\n<td>Trocken<\/td>\n<\/tr>\n<tr class=\"row red_wine\">\n<td>Merlot<\/td>\n<td>Halbtrocken<\/td>\n<\/tr>\n<tr class=\"row red_wine\">\n<td>Roesler<\/td>\n<td>Halbtrocken<\/td>\n<\/tr>\n<tr class=\"row red_wine\">\n<td>Ros\u00e9<\/td>\n<td>Halbtrocken<\/td>\n<\/tr>\n<tr class=\"row red_wine\">\n<td>Blaufr\u00e4nkisch<\/td>\n<td>Lieblich<\/td>\n<\/tr>\n<tr class=\"row red_wine\">\n<td>Blaufr\u00e4nkisch<\/td>\n<td>S\u00fc\u00df<\/td>\n<\/tr>\n<tr class=\"row red_wine\">\n<td>Rotburger<\/td>\n<td>S\u00fc\u00df<\/td>\n<\/tr>\n<tr class=\"row tbl-heading\">\n<th colspan=\"2\">Sp\u00e4tlese 0,75l Flaschen<\/th>\n<\/tr>\n<tr>\n<td>Gew\u00fcrztraminer<\/td>\n<td>S\u00fc\u00df<\/td>\n<\/tr>\n<tr>\n<td>Chardonay<\/td>\n<td>S\u00fc\u00df<\/td>\n<\/tr>\n<tr>\n<td>Gr\u00fcve ( Martiniwein )<\/td>\n<td>S\u00fc\u00df<\/td>\n<\/tr>\n<tr>\n<td>Muskat Ottonel<\/td>\n<td>S\u00fc\u00df<\/td>\n<\/tr>\n<tr class=\"row red_wine\">\n<td>Zweigelt<\/td>\n<td>S\u00fc\u00df<\/td>\n<\/tr>\n<\/tbody>\n<\/table>\n<p><\/div><br class=\"clear\" \/><\/p>\n","protected":false},"excerpt":{"rendered":"","protected":false},"author":1,"featured_media":0,"parent":0,"menu_order":0,"comment_status":"open","ping_status":"closed","template":"page-full.php","meta":[],"_links":{"self":[{"href":"https:\/\/payer-wein.at\/index.php?rest_route=\/wp\/v2\/pages\/95"}],"collection":[{"href":"https:\/\/payer-wein.at\/index.php?rest_route=\/wp\/v2\/pages"}],"about":[{"href":"https:\/\/payer-wein.at\/index.php?rest_route=\/wp\/v2\/types\/page"}],"author":[{"embeddable":true,"href":"https:\/\/payer-wein.at\/index.php?rest_route=\/wp\/v2\/users\/1"}],"replies":[{"embeddable":true,"href":"https:\/\/payer-wein.at\/index.php?rest_route=%2Fwp%2Fv2%2Fcomments&post=95"}],"version-history":[{"count":27,"href":"https:\/\/payer-wein.at\/index.php?rest_route=\/wp\/v2\/pages\/95\/revisions"}],"predecessor-version":[{"id":208,"href":"https:\/\/payer-wein.at\/index.php?rest_route=\/wp\/v2\/pages\/95\/revisions\/208"}],"wp:attachment":[{"href":"https:\/\/payer-wein.at\/index.php?rest_route=%2Fwp%2Fv2%2Fmedia&parent=95"}],"curies":[{"name":"wp","href":"https:\/\/api.w.org\/{rel}","templated":true}]}}