{"id":17,"date":"2012-04-13T08:33:22","date_gmt":"2012-04-13T08:33:22","guid":{"rendered":"http:\/\/payer-wein.at\/?page_id=17"},"modified":"2023-05-10T10:54:38","modified_gmt":"2023-05-10T09:54:38","slug":"zimmer","status":"publish","type":"page","link":"https:\/\/payer-wein.at\/?page_id=17","title":{"rendered":"G\u00e4steh\u00e4user"},"content":{"rendered":"<div class=\"img-border\">\n<p><img decoding=\"async\" loading=\"lazy\" class=\"size-full wp-image-70\" title=\"Kleine G\u00e4stehaus\" src=\"http:\/\/payer-wein.at\/wp-content\/uploads\/header_01_haus.jpg\" alt=\"\" width=\"960\" height=\"420\" srcset=\"https:\/\/payer-wein.at\/wp-content\/uploads\/header_01_haus.jpg 960w, https:\/\/payer-wein.at\/wp-content\/uploads\/header_01_haus-720x315.jpg 720w\" sizes=\"(max-width: 960px) 100vw, 960px\" \/><\/p>\n<p><img decoding=\"async\" loading=\"lazy\" class=\"alignnone size-full wp-image-141\" title=\"G\u00e4stehaus Keller\" src=\"http:\/\/payer-wein.at\/wp-content\/uploads\/header_02_keller2.jpg\" alt=\"\" width=\"960\" height=\"420\" srcset=\"https:\/\/payer-wein.at\/wp-content\/uploads\/header_02_keller2.jpg 960w, https:\/\/payer-wein.at\/wp-content\/uploads\/header_02_keller2-720x315.jpg 720w\" sizes=\"(max-width: 960px) 100vw, 960px\" \/><\/p>\n<p style=\"text-align: left;\">Als Schutz vor Hitze oder zum entspannen mit Freunden ebenso geeignet, ist der Weinkeller im Hof.<\/p>\n<p><img decoding=\"async\" loading=\"lazy\" class=\"alignnone size-full wp-image-142\" title=\"Esszimmer\" src=\"http:\/\/payer-wein.at\/wp-content\/uploads\/header_06_gastehaus.jpg\" alt=\"\" width=\"960\" height=\"420\" srcset=\"https:\/\/payer-wein.at\/wp-content\/uploads\/header_06_gastehaus.jpg 960w, https:\/\/payer-wein.at\/wp-content\/uploads\/header_06_gastehaus-720x315.jpg 720w\" sizes=\"(max-width: 960px) 100vw, 960px\" \/><\/p>\n<p style=\"text-align: left;\">Das Fr\u00fchst\u00fcck mit der Familie geniesen, kann sehr entspannend sein.<\/p>\n<div class=\"divider-dotted\"><\/div>\n<h2 style=\"text-align: left;\"><strong>G\u00e4stehaus A<\/strong><\/h2>\n<p>Wohnung mit 60 m\u00b2 f\u00fcr bis zu 4 Personen<\/p>\n<p><img decoding=\"async\" loading=\"lazy\" class=\"alignnone size-full wp-image-68\" title=\"Schlafzimmer\" src=\"http:\/\/payer-wein.at\/wp-content\/uploads\/header_07_gastehaus1.jpg\" alt=\"\" width=\"960\" height=\"420\" srcset=\"https:\/\/payer-wein.at\/wp-content\/uploads\/header_07_gastehaus1.jpg 960w, https:\/\/payer-wein.at\/wp-content\/uploads\/header_07_gastehaus1-720x315.jpg 720w\" sizes=\"(max-width: 960px) 100vw, 960px\" \/><\/p>\n<p><img decoding=\"async\" loading=\"lazy\" class=\"alignnone size-full wp-image-173\" title=\"Schlafzimmer\" src=\"http:\/\/payer-wein.at\/wp-content\/uploads\/gaestehaus_a_schlafzimmer_0.jpg\" alt=\"\" width=\"960\" height=\"420\" srcset=\"https:\/\/payer-wein.at\/wp-content\/uploads\/gaestehaus_a_schlafzimmer_0.jpg 960w, https:\/\/payer-wein.at\/wp-content\/uploads\/gaestehaus_a_schlafzimmer_0-720x315.jpg 720w\" sizes=\"(max-width: 960px) 100vw, 960px\" \/><\/p>\n<p><img decoding=\"async\" loading=\"lazy\" class=\"size-full wp-image-143\" title=\"Die K\u00fcche\" src=\"http:\/\/payer-wein.at\/wp-content\/uploads\/header_08_gastehaus.jpg\" alt=\"\" width=\"960\" height=\"420\" srcset=\"https:\/\/payer-wein.at\/wp-content\/uploads\/header_08_gastehaus.jpg 960w, https:\/\/payer-wein.at\/wp-content\/uploads\/header_08_gastehaus-720x315.jpg 720w\" sizes=\"(max-width: 960px) 100vw, 960px\" \/><\/p>\n<p><img decoding=\"async\" loading=\"lazy\" class=\"alignnone size-full wp-image-172\" title=\"K\u00fcche\" src=\"http:\/\/payer-wein.at\/wp-content\/uploads\/gaestehaus_a_kueche_0.jpg\" alt=\"\" width=\"960\" height=\"420\" srcset=\"https:\/\/payer-wein.at\/wp-content\/uploads\/gaestehaus_a_kueche_0.jpg 960w, https:\/\/payer-wein.at\/wp-content\/uploads\/gaestehaus_a_kueche_0-720x315.jpg 720w\" sizes=\"(max-width: 960px) 100vw, 960px\" \/><\/p>\n<p>\u00dcberkommt Sie die Lust zum Kochen? Kein problem, die K\u00fcche ist perfekt daf\u00fcr aufger\u00fcstet.<\/p>\n<div class=\"divider-dotted\"><\/div>\n<p>Haben wir Ihr Interesse geweckt? F\u00fcr weitere informationen geben Sie bitte Ihren Namen und Telefonnummer an und wir melden uns so Schnell wie m\u00f6glich.<\/p>\n<p>[n_form]<\/p>\n<div class=\"divider-dotted\"><\/div>\n<h2 style=\"text-align: left;\"><strong>G\u00e4stehaus B<\/strong><\/h2>\n<p>Wohnung mit 90 m\u00b2 f\u00fcr bis zu 6 Personen<\/p>\n<p style=\"text-align: left;\"><img decoding=\"async\" loading=\"lazy\" class=\"alignnone size-full wp-image-144\" title=\"G\u00e4stehaus Wohnk\u00fcche\" src=\"http:\/\/payer-wein.at\/wp-content\/uploads\/header_09_gastehaus.jpg\" alt=\"\" width=\"960\" height=\"420\" srcset=\"https:\/\/payer-wein.at\/wp-content\/uploads\/header_09_gastehaus.jpg 960w, https:\/\/payer-wein.at\/wp-content\/uploads\/header_09_gastehaus-720x315.jpg 720w\" sizes=\"(max-width: 960px) 100vw, 960px\" \/><\/p>\n<p style=\"text-align: left;\"><img decoding=\"async\" loading=\"lazy\" class=\"alignnone size-full wp-image-145\" title=\"Schlafzimmer\" src=\"http:\/\/payer-wein.at\/wp-content\/uploads\/header_10_gastehaus.jpg\" alt=\"\" width=\"960\" height=\"420\" srcset=\"https:\/\/payer-wein.at\/wp-content\/uploads\/header_10_gastehaus.jpg 960w, https:\/\/payer-wein.at\/wp-content\/uploads\/header_10_gastehaus-720x315.jpg 720w\" sizes=\"(max-width: 960px) 100vw, 960px\" \/><\/p>\n<p><img decoding=\"async\" loading=\"lazy\" class=\"alignnone size-full wp-image-146 alignleft\" title=\"G\u00e4stehaus Bad\" src=\"http:\/\/payer-wein.at\/wp-content\/uploads\/header_11_gastehaus.jpg\" alt=\"\" width=\"960\" height=\"420\" srcset=\"https:\/\/payer-wein.at\/wp-content\/uploads\/header_11_gastehaus.jpg 960w, https:\/\/payer-wein.at\/wp-content\/uploads\/header_11_gastehaus-720x315.jpg 720w\" sizes=\"(max-width: 960px) 100vw, 960px\" \/><\/p>\n<\/div>\n<p><strong>In dem Preis sind inkludiert:<\/strong><\/p>\n<ul>\n<li>Gratis Fahr\u00e4der<\/li>\n<li>Die Neusiedler See Card, mit der Sie zu 45 Gratisleistungen und 33 Bonusleistungen mit bis zu 50% Erm\u00e4\u00dfigung gelangen ( Mehr Infos zur )<\/li>\n<li>Parkplatz im Hof<\/li>\n<li>Heitzung<\/li>\n<li>K\u00fcche<\/li>\n<li>Sat-TV<\/li>\n<li>Eigenbauweine<\/li>\n<li>Grillm\u00f6glichkeit<\/li>\n<li>Sitzm\u00f6glichkeit im Garten<\/li>\n<li>auf Wunsch Weinverkostung<\/li>\n<\/ul>\n<p><strong>Preis: bei Anfrage<\/strong><\/p>\n<div class=\"one-third column alignleft\">\n<p>Falls Sie Interesse an unseren Ferienwohnungen gefundwen haben, f\u00fcllen Sie die folgenden Felder aus oder rufen Sie an!<\/p>\n<p>[n_form]<br \/>\n<\/div><br \/>\n<div class=\"one-third column last alignleft\"><br \/>\n<strong>Strasse:<\/strong> Siegendorfer Stra\u00dfe 10<br \/>\n<strong>Telefon:<\/strong> 02680\/2834<br \/>\n<strong>Mobil:<\/strong> 0664\/3663073<br \/>\n<strong>Fax:<\/strong> 02680\/2834<br \/>\n<\/div><br class=\"clear\" \/><\/p>\n","protected":false},"excerpt":{"rendered":"<p>Als Schutz vor Hitze oder zum entspannen mit Freunden ebenso geeignet, ist der Weinkeller im Hof. Das Fr\u00fchst\u00fcck mit der Familie geniesen, kann sehr &#8230;<\/p>\n","protected":false},"author":1,"featured_media":68,"parent":0,"menu_order":0,"comment_status":"open","ping_status":"closed","template":"page-full.php","meta":[],"_links":{"self":[{"href":"https:\/\/payer-wein.at\/index.php?rest_route=\/wp\/v2\/pages\/17"}],"collection":[{"href":"https:\/\/payer-wein.at\/index.php?rest_route=\/wp\/v2\/pages"}],"about":[{"href":"https:\/\/payer-wein.at\/index.php?rest_route=\/wp\/v2\/types\/page"}],"author":[{"embeddable":true,"href":"https:\/\/payer-wein.at\/index.php?rest_route=\/wp\/v2\/users\/1"}],"replies":[{"embeddable":true,"href":"https:\/\/payer-wein.at\/index.php?rest_route=%2Fwp%2Fv2%2Fcomments&post=17"}],"version-history":[{"count":32,"href":"https:\/\/payer-wein.at\/index.php?rest_route=\/wp\/v2\/pages\/17\/revisions"}],"predecessor-version":[{"id":223,"href":"https:\/\/payer-wein.at\/index.php?rest_route=\/wp\/v2\/pages\/17\/revisions\/223"}],"wp:featuredmedia":[{"embeddable":true,"href":"https:\/\/payer-wein.at\/index.php?rest_route=\/wp\/v2\/media\/68"}],"wp:attachment":[{"href":"https:\/\/payer-wein.at\/index.php?rest_route=%2Fwp%2Fv2%2Fmedia&parent=17"}],"curies":[{"name":"wp","href":"https:\/\/api.w.org\/{rel}","templated":true}]}}